{"id":135,"date":"2024-01-16T17:57:10","date_gmt":"2024-01-16T17:57:10","guid":{"rendered":"https:\/\/stage-give.wfh.org\/?page_id=135"},"modified":"2025-06-25T17:32:24","modified_gmt":"2025-06-25T17:32:24","slug":"pagina-de-muestra","status":"publish","type":"page","link":"https:\/\/give.wfh.org\/es\/","title":{"rendered":"Donantes internacionales"},"content":{"rendered":"\t\t<div data-elementor-type=\"wp-page\" data-elementor-id=\"135\" class=\"elementor elementor-135 elementor-2\" data-elementor-post-type=\"page\">\n\t\t\t\t<div class=\"elementor-element elementor-element-6be248d e-con-full e-flex e-con e-parent\" data-id=\"6be248d\" data-element_type=\"container\" data-e-type=\"container\" data-settings=\"{&quot;background_background&quot;:&quot;classic&quot;}\">\n\t\t<div class=\"elementor-element elementor-element-18a7f33 e-con-full elementor-hidden-tablet e-flex e-con e-child\" data-id=\"18a7f33\" data-element_type=\"container\" data-e-type=\"container\">\n\t\t\t\t<\/div>\n\t\t<div class=\"elementor-element elementor-element-101468c e-con-full e-flex e-con e-child\" data-id=\"101468c\" data-element_type=\"container\" data-e-type=\"container\">\n\t\t\t\t<div class=\"elementor-element elementor-element-fee7dfd elementor-widget elementor-widget-spacer\" data-id=\"fee7dfd\" data-element_type=\"widget\" data-e-type=\"widget\" data-widget_type=\"spacer.default\">\n\t\t\t\t<div class=\"elementor-widget-container\">\n\t\t\t\t\t\t\t<div class=\"elementor-spacer\">\n\t\t\t<div class=\"elementor-spacer-inner\"><\/div>\n\t\t<\/div>\n\t\t\t\t\t\t<\/div>\n\t\t\t\t<\/div>\n\t\t\t\t<div class=\"elementor-element elementor-element-ccfe9cf elementor-widget__width-inherit elementor-widget elementor-widget-heading\" data-id=\"ccfe9cf\" data-element_type=\"widget\" data-e-type=\"widget\" data-widget_type=\"heading.default\">\n\t\t\t\t<div class=\"elementor-widget-container\">\n\t\t\t\t\t<h2 class=\"elementor-heading-title elementor-size-default\">Su acci\u00f3n de hoy hace posible su futuro saludable de ma\u00f1ana. <\/h2>\t\t\t\t<\/div>\n\t\t\t\t<\/div>\n\t\t\t\t<div class=\"elementor-element elementor-element-86da54b elementor-hidden-tablet elementor-hidden-mobile elementor-widget elementor-widget-text-editor\" data-id=\"86da54b\" data-element_type=\"widget\" data-e-type=\"widget\" data-widget_type=\"text-editor.default\">\n\t\t\t\t<div class=\"elementor-widget-container\">\n\t\t\t\t\t\t\t\t\t<p>La FMH transforma la vida de las personas con trastornos hemorr\u00e1gicos en todo el mundo. Necesitamos su ayuda. Su donaci\u00f3n tendr\u00e1 un impacto en las generaciones venideras.<\/p>\n\t\t\t\t\t\t\t\t<\/div>\n\t\t\t\t<\/div>\n\t\t\t\t<div class=\"elementor-element elementor-element-c96f766 elementor-hidden-desktop elementor-widget elementor-widget-text-editor\" data-id=\"c96f766\" data-element_type=\"widget\" data-e-type=\"widget\" data-widget_type=\"text-editor.default\">\n\t\t\t\t<div class=\"elementor-widget-container\">\n\t\t\t\t\t\t\t\t\t<p>La FMH transforma la vida de las personas con trastornos hemorr\u00e1gicos en todo el mundo. Necesitamos su ayuda. Su donaci\u00f3n tendr\u00e1 un impacto en las generaciones venideras.<\/p>\n\t\t\t\t\t\t\t\t<\/div>\n\t\t\t\t<\/div>\n\t\t\t\t<\/div>\n\t\t<div class=\"elementor-element elementor-element-ceb7698 e-con-full e-flex e-con e-child\" data-id=\"ceb7698\" data-element_type=\"container\" data-e-type=\"container\">\n\t\t\t\t<div class=\"elementor-element elementor-element-5b2ca3c elementor-widget__width-initial elementor-widget-tablet__width-inherit elementor-widget elementor-widget-html\" data-id=\"5b2ca3c\" data-element_type=\"widget\" data-e-type=\"widget\" data-widget_type=\"html.default\">\n\t\t\t\t<div class=\"elementor-widget-container\">\n\t\t\t\t\t<!-- The Modal -->\n<div class=\"modal fade\" id=\"cmModal\">\n<div class=\"modal-dialog modal-xl\">\n<div class=\"modal-content\">\n      \n        \n    <!-- Modal body -->\n    <div class=\"modal-body\" style=\"width:100%;\">\n       \n        \n        <div class=\"tab\" style=\"  align: center;\">\n            <button class=\"tablinks active\" onclick=\"openCM(event, 'Monthly')\">MENSUAL<\/button>\n            <button class=\"tablinks\" onclick=\"openCM(event, 'Onetime')\">UNA SOLA VEZ<\/button>\n\n        <\/div>\n        <div style=\"margin-left:10px; margin-top:5px; margin-bottom:2px; background-color: #ffffff99; text-align: center; margin-right: 10px; margin-left:10px; box-shadow: rgba(60, 64, 67, 0.3) 0px 1px 2px 0px, rgba(60, 64, 67, 0.15) 0px 2px 6px 2px;  \">\n            <strong>Si paga impuestos en los EE. UU., haga clic <a href=\"https:\/\/give.wfh.org\/homepage\/us-residents\/\" rel=\"noopener\" aria-label=\"To make this website accessible to screen reader, Press combination of alt and 1 keys. To stop getting this message, press the combination of alt and 2 keys\">aqu\u00ed<\/a><\/strong>\n        <\/div><br>\n        <div id=\"Monthly\" class=\"tabcontent\" style=\"display:block\"> \n            <div class=\"row\">\n                <div class=\"col-lg-4 col-md-6 smt\">\n                    <div>\n<div class=\"give-embed-form-wrapper\" id=\"give-69e4b9fb13343\"><iframe\n\t\t\t\tname=\"give-embed-form\"\n\t\t\t\tsrc=\"https:\/\/give.wfh.org\/es\/give\/test-form-4\/?giveDonationFormInIframe=1\"\n\t\t\t\t\n\t\t\t\tdata-autoScroll=\"0\"\n\t\t\t\tonload=\"if( 'undefined' !== typeof Give ) { Give.initializeIframeResize(this) }\"\n\t\t\t\tstyle=\"border: 0;visibility: hidden;min-height: 645px;\"><\/iframe><div class=\"iframe-loader\">\n<div style=\"\n\t\theight: calc(100% - 28px);\n\t\twidth: calc(100% - 20px);\n\t\tmax-width: 552px;\n\t\tmargin: 10px auto 10px auto;\n\t\tbackground: transparent;\n\t\tborder-radius: 6px;\n\t\tdisplay: flex;\n\t\talign-items: center;\n\t\tjustify-content: center;\n\t\">\n    <div style=\"\n        pointer-events: none;\n        height: 90px;\n        width: 90px;\n        background-image: url(&quot;data:image\/svg+xml;charset=utf8,%3C?xml version='1.0' encoding='utf-8'?%3E%3C!-- Generator: Adobe Illustrator 24.1.0, SVG Export Plug-In . SVG Version: 6.00 Build 0) --%3E%3Csvg version='1.1' id='Layer_1' xmlns='http:\/\/www.w3.org\/2000\/svg' xmlns:xlink='http:\/\/www.w3.org\/1999\/xlink' x='0px' y='0px' viewBox='0 0 349 348' style='enable-background:new 0 0 349 348;' xml:space='preserve'%3E%3Cstyle type='text\/css'%3E .st0{fill:%23ec174c;} %3C\/style%3E%3Cpath class='st0' d='M25.1,204.57c-13.38,0-24.47-10.6-24.97-24.08C0.04,178.09,0,175.97,0,174C0,77.78,78.28-0.5,174.5-0.5 c13.81,0,25,11.19,25,25s-11.19,25-25,25C105.85,49.5,50,105.35,50,174c0,1.37,0.03,2.85,0.1,4.65c0.51,13.8-10.27,25.39-24.07,25.9 C25.72,204.56,25.41,204.57,25.1,204.57z'\/%3E%3Cpath class='st0' d='M174.5,348.5c-13.81,0-25-11.19-25-25c0-13.81,11.19-25,25-25c68.65,0,124.5-55.85,124.5-124.5 c0-1.38-0.03-2.85-0.1-4.65c-0.51-13.8,10.26-25.4,24.06-25.91c13.83-0.53,25.4,10.26,25.91,24.06c0.09,2.39,0.13,4.51,0.13,6.49 C349,270.22,270.72,348.5,174.5,348.5z'\/%3E%3C\/svg%3E&quot;);\n        animation: spin 0.6s linear infinite;\n        \"><\/div>\n<\/div>\n<\/div><\/div>\n                    <\/div>\n                <\/div>         \n            <\/div> \n        <\/div>\n                \n           \n\n\n        \n        <div id=\"Onetime\" class=\"tabcontent\">\n         <div class=\"row\">\n                <div class=\"col-lg-4 col-md-6 smt\">\n<div class=\"give-embed-form-wrapper\" id=\"give-69e4b9fb17cd8\"><iframe\n\t\t\t\tname=\"give-embed-form\"\n\t\t\t\tsrc=\"https:\/\/give.wfh.org\/es\/give\/test-form-2-3\/?giveDonationFormInIframe=1\"\n\t\t\t\t\n\t\t\t\tdata-autoScroll=\"0\"\n\t\t\t\tonload=\"if( 'undefined' !== typeof Give ) { Give.initializeIframeResize(this) }\"\n\t\t\t\tstyle=\"border: 0;visibility: hidden;min-height: 645px;\"><\/iframe><div class=\"iframe-loader\">\n<div style=\"\n\t\theight: calc(100% - 28px);\n\t\twidth: calc(100% - 20px);\n\t\tmax-width: 552px;\n\t\tmargin: 10px auto 10px auto;\n\t\tbackground: transparent;\n\t\tborder-radius: 6px;\n\t\tdisplay: flex;\n\t\talign-items: center;\n\t\tjustify-content: center;\n\t\">\n    <div style=\"\n        pointer-events: none;\n        height: 90px;\n        width: 90px;\n        background-image: url(&quot;data:image\/svg+xml;charset=utf8,%3C?xml version='1.0' encoding='utf-8'?%3E%3C!-- Generator: Adobe Illustrator 24.1.0, SVG Export Plug-In . SVG Version: 6.00 Build 0) --%3E%3Csvg version='1.1' id='Layer_1' xmlns='http:\/\/www.w3.org\/2000\/svg' xmlns:xlink='http:\/\/www.w3.org\/1999\/xlink' x='0px' y='0px' viewBox='0 0 349 348' style='enable-background:new 0 0 349 348;' xml:space='preserve'%3E%3Cstyle type='text\/css'%3E .st0{fill:%23ec174c;} %3C\/style%3E%3Cpath class='st0' d='M25.1,204.57c-13.38,0-24.47-10.6-24.97-24.08C0.04,178.09,0,175.97,0,174C0,77.78,78.28-0.5,174.5-0.5 c13.81,0,25,11.19,25,25s-11.19,25-25,25C105.85,49.5,50,105.35,50,174c0,1.37,0.03,2.85,0.1,4.65c0.51,13.8-10.27,25.39-24.07,25.9 C25.72,204.56,25.41,204.57,25.1,204.57z'\/%3E%3Cpath class='st0' d='M174.5,348.5c-13.81,0-25-11.19-25-25c0-13.81,11.19-25,25-25c68.65,0,124.5-55.85,124.5-124.5 c0-1.38-0.03-2.85-0.1-4.65c-0.51-13.8,10.26-25.4,24.06-25.91c13.83-0.53,25.4,10.26,25.91,24.06c0.09,2.39,0.13,4.51,0.13,6.49 C349,270.22,270.72,348.5,174.5,348.5z'\/%3E%3C\/svg%3E&quot;);\n        animation: spin 0.6s linear infinite;\n        \"><\/div>\n<\/div>\n<\/div><\/div>\n                <\/div> \n            <\/div> \n        <\/div>\n\n\n\n    <\/div> <!-- end modal body -->\n        \n\n       \n<\/div>\n<\/div>\n<\/div>\n\n\n<script>\n\nfunction openCM(evt, language) {\n    var i, tabcontent, tablinks;\n    tabcontent = document.getElementsByClassName(\"tabcontent\");\n    for (i = 0; i <tabcontent.length; i++) { tabcontent[i].style.display = \"none\"; } tablinks = document.getElementsByClassName(\"tablinks\"); for (i = 0; i <tablinks.length; i++) { tablinks[i].className = tablinks[i].className.replace(\" active\", \"\"); } document.getElementById(language).style.display = \"block\"; evt.currentTarget.className += \" active\"; } <\/script>\t\t\t\t<\/div>\n\t\t\t\t<\/div>\n\t\t\t\t<\/div>\n\t\t<div class=\"elementor-element elementor-element-1153d59 e-con-full elementor-hidden-tablet elementor-hidden-mobile e-flex e-con e-child\" data-id=\"1153d59\" data-element_type=\"container\" data-e-type=\"container\">\n\t\t\t\t<\/div>\n\t\t\t\t<\/div>\n\t\t\t\t<\/div>\n\t\t","protected":false},"excerpt":{"rendered":"<p>Su acci\u00f3n de hoy hace posible su futuro saludable de ma\u00f1ana. La FMH transforma la vida de las personas con trastornos hemorr\u00e1gicos en todo el mundo. Necesitamos su ayuda. Su donaci\u00f3n tendr\u00e1 un impacto en las generaciones venideras. La FMH transforma la vida de las personas con trastornos hemorr\u00e1gicos en todo el mundo. Necesitamos su [&hellip;]<\/p>\n","protected":false},"author":2,"featured_media":0,"parent":0,"menu_order":0,"comment_status":"closed","ping_status":"closed","template":"","meta":{"give_campaign_id":0,"footnotes":""},"class_list":["post-135","page","type-page","status-publish","hentry"],"campaignId":"","_links":{"self":[{"href":"https:\/\/give.wfh.org\/es\/wp-json\/wp\/v2\/pages\/135","targetHints":{"allow":["GET"]}}],"collection":[{"href":"https:\/\/give.wfh.org\/es\/wp-json\/wp\/v2\/pages"}],"about":[{"href":"https:\/\/give.wfh.org\/es\/wp-json\/wp\/v2\/types\/page"}],"author":[{"embeddable":true,"href":"https:\/\/give.wfh.org\/es\/wp-json\/wp\/v2\/users\/2"}],"replies":[{"embeddable":true,"href":"https:\/\/give.wfh.org\/es\/wp-json\/wp\/v2\/comments?post=135"}],"version-history":[{"count":38,"href":"https:\/\/give.wfh.org\/es\/wp-json\/wp\/v2\/pages\/135\/revisions"}],"predecessor-version":[{"id":3031,"href":"https:\/\/give.wfh.org\/es\/wp-json\/wp\/v2\/pages\/135\/revisions\/3031"}],"wp:attachment":[{"href":"https:\/\/give.wfh.org\/es\/wp-json\/wp\/v2\/media?parent=135"}],"curies":[{"name":"wp","href":"https:\/\/api.w.org\/{rel}","templated":true}]}}